{"id":2285,"date":"2018-03-28T15:05:50","date_gmt":"2018-03-28T20:05:50","guid":{"rendered":"http:\/\/www.arboreka.ca\/?post_type=product&#038;p=2285"},"modified":"2018-12-17T12:24:51","modified_gmt":"2018-12-17T17:24:51","slug":"bokassiette-bol-et-cuillere","status":"publish","type":"product","link":"https:\/\/www.arboreka.ca\/en\/produit\/bokassiette-bol-et-cuillere\/","title":{"rendered":"Bokassiette Bol et cuill\u00e8re"},"content":{"rendered":"<h2>Un cadeau id\u00e9al<\/h2>\n<p>La Bokassiette est une petite assiette pour b\u00e9b\u00e9, faite de bois d\u2019\u00e9rable au rebord courb\u00e9. D\u2019une conception classique, la Bokassiette est un cadeau id\u00e9al qui fera assur\u00e9ment plaisir lors d\u2019un shower \u00e0 la naissance du b\u00e9b\u00e9 ou pour la c\u00e9l\u00e9bration d&#8217;un premier anniversaire.<\/p>\n<h2>Un produit Qu\u00e9b\u00e9cois<\/h2>\n<p>Arbor\u00e9ka\u00a0a pour mission d\u2019offrir une gamme de produits de consommation\u00a0 en bois \u00ab Made in Qu\u00e9bec \u00bb qui s\u2019inscrit dans une philosophie de d\u00e9veloppement durable et ce pour une client\u00e8le soucieuse de l\u2019environnement, du bien-\u00eatre et la s\u00e9curit\u00e9 des enfants.<\/p>\n<h3>Des articles personnalisables<\/h3>\n<p>Les produits Arbor\u00e9ka sont personnalisables et permettent ainsi de garder un souvenir imp\u00e9rissable de ces doux moments.<\/p>\n","protected":false},"excerpt":{"rendered":"<h4>Bokassiette, en bois d&#8217;\u00e9rable,<\/h4>\n<p><strong>Comprenant :<\/strong> une assiette et une cuill\u00e8re.<\/p>\n","protected":false},"featured_media":2132,"comment_status":"closed","ping_status":"closed","template":"","meta":{"sharing_disabled":false,"spay_email":"","jetpack_publicize_message":""},"jetpack_publicize_connections":[],"_links":{"self":[{"href":"https:\/\/www.arboreka.ca\/en\/wp-json\/wp\/v2\/product\/2285\/"}],"collection":[{"href":"https:\/\/www.arboreka.ca\/en\/wp-json\/wp\/v2\/product\/"}],"about":[{"href":"https:\/\/www.arboreka.ca\/en\/wp-json\/wp\/v2\/types\/product\/"}],"replies":[{"embeddable":true,"href":"https:\/\/www.arboreka.ca\/en\/wp-json\/wp\/v2\/comments\/?post=2285"}],"wp:featuredmedia":[{"embeddable":true,"href":"https:\/\/www.arboreka.ca\/en\/wp-json\/wp\/v2\/media\/2132\/"}],"wp:attachment":[{"href":"https:\/\/www.arboreka.ca\/en\/wp-json\/wp\/v2\/media\/?parent=2285"}],"curies":[{"name":"wp","href":"https:\/\/api.w.org\/{rel}","templated":true}]}}